{"id":8002,"date":"2022-11-03T22:39:10","date_gmt":"2022-11-04T05:39:10","guid":{"rendered":"https:\/\/elprograma.org\/careers\/"},"modified":"2025-03-19T10:36:45","modified_gmt":"2025-03-19T17:36:45","slug":"empleos","status":"publish","type":"page","link":"https:\/\/elprograma.org\/es\/empleos\/","title":{"rendered":"Empleos"},"content":{"rendered":"<div class=\"wpb-content-wrapper\"><p>[vc_row css=\u00bb.vc_custom_1696435648293{margin-bottom: 0px !important;padding-top: 20px !important;padding-bottom: 0px !important;}\u00bb svg_background=\u00bb%5B%7B%7D%5D\u00bb el_id=\u00bbcurrentOpenings\u00bb][vc_column][vc_row_inner row_content_width=\u00bbgrid\u00bb content_text_alignment=\u00bbcenter\u00bb svg_background=\u00bb%5B%7B%7D%5D\u00bb css=\u00bb.vc_custom_1696435614784{margin-right: 15% !important;margin-bottom: 0px !important;margin-left: 15% !important;padding-bottom: 0px !important;}\u00bb][vc_column_inner]<div class=\"qodef-shortcode qodef-m  qodef-section-title qodef-alignment--center \">\n\t\t<h5 class=\"qodef-m-subtitle\" >\n\t\t\u00a1\u00danete Nuestro Equipo!\t<\/h5>\n\t\t\t<h2 class=\"qodef-m-title\" >\n\t\t\t\t\tPosiciones Abiertas en EPHC\t\t\t<\/h2>\n\t<\/div>[vc_column_text css=\u00bb\u00bb]<\/p>\n<p style=\"text-align: center;\">Ayude a cambiar vidas d\u00eda a d\u00eda. Su trabajo tendr\u00e1 un impacto directo en las personas y familias latines de nuestras comunidades.<\/p>\n<p>[\/vc_column_text][\/vc_column_inner][\/vc_row_inner][vc_row_inner content_placement=\u00bbtop\u00bb row_content_width=\u00bbgrid\u00bb content_text_alignment=\u00bbcenter\u00bb svg_background=\u00bb%5B%7B%7D%5D\u00bb css=\u00bb.vc_custom_1686083904879{margin-top: 0px !important;margin-bottom: 0px !important;padding-top: 0px !important;padding-bottom: 0px !important;}\u00bb][vc_column_inner css=\u00bb.vc_custom_1742405794057{margin-right: 15% !important;margin-left: 15% !important;padding-bottom: 40px !important;}\u00bb column_responsive_padding_1280=\u00bb0 40px 0 40px\u00bb column_responsive_padding_1024=\u00bb0 40px 0 40px\u00bb column_responsive_padding_768=\u00bb0 20px 0 20px\u00bb column_responsive_padding_680=\u00bb0 0px 0 0px\u00bb][vc_raw_html]JTNDaWZyYW1lJTIwc3JjJTNEJTIyaHR0cHMlM0ElMkYlMkZlbHByb2dyYW1hLmFwcGxpY2FudHByby5jb20lMkZpZnJhbWUlMkZtb2JpbGUlMjIlMjB3aWR0aCUzRCUyMjgwMCUyMiUyMGhlaWdodCUzRCUyMjEwNTAlMjIlM0UlM0MlMkZpZnJhbWUlM0U=[\/vc_raw_html][\/vc_column_inner][\/vc_row_inner][\/vc_column][\/vc_row]<\/p>\n<\/div>","protected":false},"excerpt":{"rendered":"<p>[vc_row css=\u00bb.vc_custom_1696435648293{margin-bottom: 0px !important;padding-top: 20px !important;padding-bottom: 0px !important;}\u00bb svg_background=\u00bb%5B%7B%7D%5D\u00bb el_id=\u00bbcurrentOpenings\u00bb][vc_column][vc_row_inner row_content_width=\u00bbgrid\u00bb content_text_alignment=\u00bbcenter\u00bb svg_background=\u00bb%5B%7B%7D%5D\u00bb css=\u00bb.vc_custom_1696435614784{margin-right: 15% !important;margin-bottom: 0px !important;margin-left: 15% !important;padding-bottom: 0px !important;}\u00bb][vc_column_inner][vc_column_text css=\u00bb\u00bb] Ayude a cambiar vidas d\u00eda a d\u00eda. Su trabajo tendr\u00e1 un impacto directo en las personas y familias latines de nuestras comunidades. [\/vc_column_text][\/vc_column_inner][\/vc_row_inner][vc_row_inner content_placement=\u00bbtop\u00bb row_content_width=\u00bbgrid\u00bb content_text_alignment=\u00bbcenter\u00bb svg_background=\u00bb%5B%7B%7D%5D\u00bb css=\u00bb.vc_custom_1686083904879{margin-top: 0px !important;margin-bottom: 0px !important;padding-top: 0px !important;padding-bottom: 0px !important;}\u00bb][vc_column_inner css=\u00bb.vc_custom_1742405794057{margin-right: 15% !important;margin-left: 15% !important;padding-bottom: 40px !important;}\u00bb column_responsive_padding_1280=\u00bb0 40px 0 40px\u00bb column_responsive_padding_1024=\u00bb0 40px 0 40px\u00bb column_responsive_padding_768=\u00bb0 20px 0 20px\u00bb column_responsive_padding_680=\u00bb0 0px 0 0px\u00bb][vc_raw_html]JTNDaWZyYW1lJTIwc3JjJTNEJTIyaHR0cHMlM0ElMkYlMkZlbHByb2dyYW1hLmFwcGxpY2FudHByby5jb20lMkZpZnJhbWUlMkZtb2JpbGUlMjIlMjB3aWR0aCUzRCUyMjgwMCUyMiUyMGhlaWdodCUzRCUyMjEwNTAlMjIlM0UlM0MlMkZpZnJhbWUlM0U=[\/vc_raw_html][\/vc_column_inner][\/vc_row_inner][\/vc_column][\/vc_row]<\/p>\n","protected":false},"author":3,"featured_media":0,"parent":0,"menu_order":0,"comment_status":"closed","ping_status":"closed","template":"page-full-width.php","meta":{"_monsterinsights_skip_tracking":false,"_monsterinsights_sitenote_active":false,"_monsterinsights_sitenote_note":"","_monsterinsights_sitenote_category":0,"footnotes":""},"class_list":["post-8002","page","type-page","status-publish","hentry"],"yoast_head":"<!-- This site is optimized with the Yoast SEO plugin v27.4 - https:\/\/yoast.com\/product\/yoast-seo-wordpress\/ -->\n<title>Empleos - El Programa Hispano Cat\u00f3lico<\/title>\n<meta name=\"robots\" content=\"index, follow, max-snippet:-1, max-image-preview:large, max-video-preview:-1\" \/>\n<link rel=\"canonical\" href=\"https:\/\/elprograma.org\/es\/empleos\/\" \/>\n<meta property=\"og:locale\" content=\"es_ES\" \/>\n<meta property=\"og:type\" content=\"article\" \/>\n<meta property=\"og:title\" content=\"Empleos - El Programa Hispano Cat\u00f3lico\" \/>\n<meta property=\"og:description\" content=\"[vc_row css=\u00bb.vc_custom_1696435648293{margin-bottom: 0px !important;padding-top: 20px !important;padding-bottom: 0px !important;}\u00bb svg_background=\u00bb%5B%7B%7D%5D\u00bb el_id=\u00bbcurrentOpenings\u00bb][vc_column][vc_row_inner row_content_width=\u00bbgrid\u00bb content_text_alignment=\u00bbcenter\u00bb svg_background=\u00bb%5B%7B%7D%5D\u00bb css=\u00bb.vc_custom_1696435614784{margin-right: 15% !important;margin-bottom: 0px !important;margin-left: 15% !important;padding-bottom: 0px !important;}\u00bb][vc_column_inner][vc_column_text css=\u00bb\u00bb] Ayude a cambiar vidas d\u00eda a d\u00eda. Su trabajo tendr\u00e1 un impacto directo en las personas y familias latines de nuestras comunidades. [\/vc_column_text][\/vc_column_inner][\/vc_row_inner][vc_row_inner content_placement=\u00bbtop\u00bb row_content_width=\u00bbgrid\u00bb content_text_alignment=\u00bbcenter\u00bb svg_background=\u00bb%5B%7B%7D%5D\u00bb css=\u00bb.vc_custom_1686083904879{margin-top: 0px !important;margin-bottom: 0px !important;padding-top: 0px !important;padding-bottom: 0px !important;}\u00bb][vc_column_inner css=\u00bb.vc_custom_1742405794057{margin-right: 15% !important;margin-left: 15% !important;padding-bottom: 40px !important;}\u00bb column_responsive_padding_1280=\u00bb0 40px 0 40px\u00bb column_responsive_padding_1024=\u00bb0 40px 0 40px\u00bb column_responsive_padding_768=\u00bb0 20px 0 20px\u00bb column_responsive_padding_680=\u00bb0 0px 0 0px\u00bb][vc_raw_html]JTNDaWZyYW1lJTIwc3JjJTNEJTIyaHR0cHMlM0ElMkYlMkZlbHByb2dyYW1hLmFwcGxpY2FudHByby5jb20lMkZpZnJhbWUlMkZtb2JpbGUlMjIlMjB3aWR0aCUzRCUyMjgwMCUyMiUyMGhlaWdodCUzRCUyMjEwNTAlMjIlM0UlM0MlMkZpZnJhbWUlM0U=[\/vc_raw_html][\/vc_column_inner][\/vc_row_inner][\/vc_column][\/vc_row]\" \/>\n<meta property=\"og:url\" content=\"https:\/\/elprograma.org\/es\/empleos\/\" \/>\n<meta property=\"og:site_name\" content=\"El Programa Hispano Cat\u00f3lico\" \/>\n<meta property=\"article:publisher\" content=\"https:\/\/www.facebook.com\/elprogramahispano\" \/>\n<meta property=\"article:modified_time\" content=\"2025-03-19T17:36:45+00:00\" \/>\n<meta name=\"twitter:card\" content=\"summary_large_image\" \/>\n<meta name=\"twitter:label1\" content=\"Tiempo de lectura\" \/>\n\t<meta name=\"twitter:data1\" content=\"1 minuto\" \/>\n<script type=\"application\/ld+json\" class=\"yoast-schema-graph\">{\"@context\":\"https:\\\/\\\/schema.org\",\"@graph\":[{\"@type\":\"WebPage\",\"@id\":\"https:\\\/\\\/elprograma.org\\\/es\\\/empleos\\\/\",\"url\":\"https:\\\/\\\/elprograma.org\\\/es\\\/empleos\\\/\",\"name\":\"Empleos - El Programa Hispano Cat\u00f3lico\",\"isPartOf\":{\"@id\":\"https:\\\/\\\/elprograma.org\\\/es\\\/#website\"},\"datePublished\":\"2022-11-04T05:39:10+00:00\",\"dateModified\":\"2025-03-19T17:36:45+00:00\",\"inLanguage\":\"es\",\"potentialAction\":[{\"@type\":\"ReadAction\",\"target\":[\"https:\\\/\\\/elprograma.org\\\/es\\\/empleos\\\/\"]}]},{\"@type\":\"WebSite\",\"@id\":\"https:\\\/\\\/elprograma.org\\\/es\\\/#website\",\"url\":\"https:\\\/\\\/elprograma.org\\\/es\\\/\",\"name\":\"El Programa Hispano Cat\u00f3lico\",\"description\":\"El Programa Hispano is a social service nonprofit that serves the entire lifespan to address the social determinants of health.\",\"alternateName\":\"EPHC\",\"potentialAction\":[{\"@type\":\"SearchAction\",\"target\":{\"@type\":\"EntryPoint\",\"urlTemplate\":\"https:\\\/\\\/elprograma.org\\\/es\\\/?s={search_term_string}\"},\"query-input\":{\"@type\":\"PropertyValueSpecification\",\"valueRequired\":true,\"valueName\":\"search_term_string\"}}],\"inLanguage\":\"es\"}]}<\/script>\n<!-- \/ Yoast SEO plugin. -->","yoast_head_json":{"title":"Empleos - El Programa Hispano Cat\u00f3lico","robots":{"index":"index","follow":"follow","max-snippet":"max-snippet:-1","max-image-preview":"max-image-preview:large","max-video-preview":"max-video-preview:-1"},"canonical":"https:\/\/elprograma.org\/es\/empleos\/","og_locale":"es_ES","og_type":"article","og_title":"Empleos - El Programa Hispano Cat\u00f3lico","og_description":"[vc_row css=\u00bb.vc_custom_1696435648293{margin-bottom: 0px !important;padding-top: 20px !important;padding-bottom: 0px !important;}\u00bb svg_background=\u00bb%5B%7B%7D%5D\u00bb el_id=\u00bbcurrentOpenings\u00bb][vc_column][vc_row_inner row_content_width=\u00bbgrid\u00bb content_text_alignment=\u00bbcenter\u00bb svg_background=\u00bb%5B%7B%7D%5D\u00bb css=\u00bb.vc_custom_1696435614784{margin-right: 15% !important;margin-bottom: 0px !important;margin-left: 15% !important;padding-bottom: 0px !important;}\u00bb][vc_column_inner][vc_column_text css=\u00bb\u00bb] Ayude a cambiar vidas d\u00eda a d\u00eda. Su trabajo tendr\u00e1 un impacto directo en las personas y familias latines de nuestras comunidades. [\/vc_column_text][\/vc_column_inner][\/vc_row_inner][vc_row_inner content_placement=\u00bbtop\u00bb row_content_width=\u00bbgrid\u00bb content_text_alignment=\u00bbcenter\u00bb svg_background=\u00bb%5B%7B%7D%5D\u00bb css=\u00bb.vc_custom_1686083904879{margin-top: 0px !important;margin-bottom: 0px !important;padding-top: 0px !important;padding-bottom: 0px !important;}\u00bb][vc_column_inner css=\u00bb.vc_custom_1742405794057{margin-right: 15% !important;margin-left: 15% !important;padding-bottom: 40px !important;}\u00bb column_responsive_padding_1280=\u00bb0 40px 0 40px\u00bb column_responsive_padding_1024=\u00bb0 40px 0 40px\u00bb column_responsive_padding_768=\u00bb0 20px 0 20px\u00bb column_responsive_padding_680=\u00bb0 0px 0 0px\u00bb][vc_raw_html]JTNDaWZyYW1lJTIwc3JjJTNEJTIyaHR0cHMlM0ElMkYlMkZlbHByb2dyYW1hLmFwcGxpY2FudHByby5jb20lMkZpZnJhbWUlMkZtb2JpbGUlMjIlMjB3aWR0aCUzRCUyMjgwMCUyMiUyMGhlaWdodCUzRCUyMjEwNTAlMjIlM0UlM0MlMkZpZnJhbWUlM0U=[\/vc_raw_html][\/vc_column_inner][\/vc_row_inner][\/vc_column][\/vc_row]","og_url":"https:\/\/elprograma.org\/es\/empleos\/","og_site_name":"El Programa Hispano Cat\u00f3lico","article_publisher":"https:\/\/www.facebook.com\/elprogramahispano","article_modified_time":"2025-03-19T17:36:45+00:00","twitter_card":"summary_large_image","twitter_misc":{"Tiempo de lectura":"1 minuto"},"schema":{"@context":"https:\/\/schema.org","@graph":[{"@type":"WebPage","@id":"https:\/\/elprograma.org\/es\/empleos\/","url":"https:\/\/elprograma.org\/es\/empleos\/","name":"Empleos - El Programa Hispano Cat\u00f3lico","isPartOf":{"@id":"https:\/\/elprograma.org\/es\/#website"},"datePublished":"2022-11-04T05:39:10+00:00","dateModified":"2025-03-19T17:36:45+00:00","inLanguage":"es","potentialAction":[{"@type":"ReadAction","target":["https:\/\/elprograma.org\/es\/empleos\/"]}]},{"@type":"WebSite","@id":"https:\/\/elprograma.org\/es\/#website","url":"https:\/\/elprograma.org\/es\/","name":"El Programa Hispano Cat\u00f3lico","description":"El Programa Hispano is a social service nonprofit that serves the entire lifespan to address the social determinants of health.","alternateName":"EPHC","potentialAction":[{"@type":"SearchAction","target":{"@type":"EntryPoint","urlTemplate":"https:\/\/elprograma.org\/es\/?s={search_term_string}"},"query-input":{"@type":"PropertyValueSpecification","valueRequired":true,"valueName":"search_term_string"}}],"inLanguage":"es"}]}},"_links":{"self":[{"href":"https:\/\/elprograma.org\/es\/wp-json\/wp\/v2\/pages\/8002","targetHints":{"allow":["GET"]}}],"collection":[{"href":"https:\/\/elprograma.org\/es\/wp-json\/wp\/v2\/pages"}],"about":[{"href":"https:\/\/elprograma.org\/es\/wp-json\/wp\/v2\/types\/page"}],"author":[{"embeddable":true,"href":"https:\/\/elprograma.org\/es\/wp-json\/wp\/v2\/users\/3"}],"replies":[{"embeddable":true,"href":"https:\/\/elprograma.org\/es\/wp-json\/wp\/v2\/comments?post=8002"}],"version-history":[{"count":2,"href":"https:\/\/elprograma.org\/es\/wp-json\/wp\/v2\/pages\/8002\/revisions"}],"predecessor-version":[{"id":9641,"href":"https:\/\/elprograma.org\/es\/wp-json\/wp\/v2\/pages\/8002\/revisions\/9641"}],"wp:attachment":[{"href":"https:\/\/elprograma.org\/es\/wp-json\/wp\/v2\/media?parent=8002"}],"curies":[{"name":"wp","href":"https:\/\/api.w.org\/{rel}","templated":true}]}}